{"id":725,"date":"2023-08-18T17:07:50","date_gmt":"2023-08-18T17:07:50","guid":{"rendered":"https:\/\/atsotamm.com\/?post_type=product&#038;p=725"},"modified":"2026-03-01T12:38:07","modified_gmt":"2026-03-01T12:38:07","slug":"gann-b50-b60-ja-lb71-sensor","status":"publish","type":"product","link":"https:\/\/www.atsotamm.com\/fi\/product\/gann-b50-b60-ja-lb71-sensor\/","title":{"rendered":"GANN B50"},"content":{"rendered":"<p class=\"translation-block\"><img class=\"alignnone size-medium wp-image-728\" src=\"https:\/\/atsotamm.com\/wp-content\/uploads\/2023\/08\/b50_ee_350-1-300x201.jpg\" alt=\"\" width=\"300\" height=\"201\">H\u00e4iri\u00f6t\u00f6n kosteuskartoitus rakennuksen eri osissa,<br>\nkuten kosteuden jakautuminen seiniin, kattoon, lattioihin<br>\nmittausalue 0 - 199 \/ 0,3 - 8,5 painoprosenttia<br>\nmittauslaitteille M4050, RTU 600, HB 30 ja gann+uni+1+niiskusmtja.html\" target=\"_self\"&gt;UNI 1<\/a> ja <a href=\"https:\/\/\/fi\/ \/www.atsotamm.ee\/ee\/ws\/ 1\/6\/rakennus+kosteusmittarikuiva+kosteus+ja+l\u00e4mp\u00f6tila\/gann+uni+2+kosteusmittaritja. html\/\" target=\"_self\">UNI 2&lt;\/ <br>\n<strong>linkit: <a href=\"https:\/\/www.atsotamm.ee\/ee\/ws\/1\/5\/ehitus+niiskusmturid+niiskus+ja+temperatura\/gann+uni+ 1 +niiskusmtja.html\" target=\"_self\">UNI 1<\/a> ja <a href=\"https:\/\/www.atsotamm.ee\/ee\/ws\/1\/6\/ rakentaminen +kosteusmittari+kosteus+ja+l\u00e4mp\u00f6tila\/gann+uni+2+kosteusmittaritja.html\" target=\"_self\">UNI 2<\/a><\/strong><\/p>","protected":false},"excerpt":{"rendered":"<p><strong>Gann B50 h\u00e4ireteta niiskuse m\u00f5\u00f5tmine\u00a0<\/strong>Gann B 60 heli alarm k\u00fcsi pakkumist Gann LB 71 teleskoop pikkus 80 cm &#8211; 120 cm &#8211; k\u00fcsi pakkumist<br \/>\n<strong>lingid:\u00a0UNI 1\u00a0ja\u00a0UNI 2<\/strong><\/p>","protected":false},"featured_media":729,"comment_status":"open","ping_status":"closed","template":"","meta":[],"product_brand":[],"product_cat":[19],"product_tag":[],"class_list":{"0":"post-725","1":"product","2":"type-product","3":"status-publish","4":"has-post-thumbnail","6":"product_cat-ehitus-ja-puu-lisaseadmed","8":"first","9":"instock","10":"taxable","11":"shipping-taxable","12":"purchasable","13":"product-type-simple"},"jetpack-related-posts":[],"jetpack_sharing_enabled":true,"_links":{"self":[{"href":"https:\/\/www.atsotamm.com\/fi\/wp-json\/wp\/v2\/product\/725","targetHints":{"allow":["GET"]}}],"collection":[{"href":"https:\/\/www.atsotamm.com\/fi\/wp-json\/wp\/v2\/product"}],"about":[{"href":"https:\/\/www.atsotamm.com\/fi\/wp-json\/wp\/v2\/types\/product"}],"replies":[{"embeddable":true,"href":"https:\/\/www.atsotamm.com\/fi\/wp-json\/wp\/v2\/comments?post=725"}],"version-history":[{"count":3,"href":"https:\/\/www.atsotamm.com\/fi\/wp-json\/wp\/v2\/product\/725\/revisions"}],"predecessor-version":[{"id":1572,"href":"https:\/\/www.atsotamm.com\/fi\/wp-json\/wp\/v2\/product\/725\/revisions\/1572"}],"wp:featuredmedia":[{"embeddable":true,"href":"https:\/\/www.atsotamm.com\/fi\/wp-json\/wp\/v2\/media\/729"}],"wp:attachment":[{"href":"https:\/\/www.atsotamm.com\/fi\/wp-json\/wp\/v2\/media?parent=725"}],"wp:term":[{"taxonomy":"product_brand","embeddable":true,"href":"https:\/\/www.atsotamm.com\/fi\/wp-json\/wp\/v2\/product_brand?post=725"},{"taxonomy":"product_cat","embeddable":true,"href":"https:\/\/www.atsotamm.com\/fi\/wp-json\/wp\/v2\/product_cat?post=725"},{"taxonomy":"product_tag","embeddable":true,"href":"https:\/\/www.atsotamm.com\/fi\/wp-json\/wp\/v2\/product_tag?post=725"}],"curies":[{"name":"wp","href":"https:\/\/api.w.org\/{rel}","templated":true}]}}