{"id":692,"date":"2023-08-18T16:39:47","date_gmt":"2023-08-18T16:39:47","guid":{"rendered":"https:\/\/atsotamm.com\/?post_type=product&#038;p=692"},"modified":"2025-03-05T12:47:51","modified_gmt":"2025-03-05T12:47:51","slug":"gann-tf-pulg-16-k-25m","status":"publish","type":"product","link":"https:\/\/www.atsotamm.com\/fi\/product\/gann-tf-pulg-16-k-25m\/","title":{"rendered":"GANN TF-PULG 16 K-25M"},"content":{"rendered":"<p>TF-Stick 16 K-25 M kasutatakse \u00f5huniiskuse ja \u00f5hutemperatuuri m\u00f5\u00f5tmiseks.<br \/>\nIndikaator on multifunktsionaalne st selle saab \u00fchendada otse m\u00f5\u00f5teseadme k\u00fclge ja seej\u00e4rel k\u00e4itub nagu p\u00fcsivalt paigaldatud andur. Kuid selle saab ka m\u00f5\u00f5teseadmest eemaldada ja kasutada m\u00f5\u00f5tmiseks otse ehitusmaterjalis, kasutades pikenduskaablit.<br \/>\nLihtsamaks on tehtud ka raskesti ligip\u00e4\u00e4setavates kohtades m\u00f5\u00f5tmine.<br \/>\nKasutades mitut TF-indikaatorit erinevates m\u00f5\u00f5tepunktides, saab v\u00e4ltida pikki reguleerimisaegu, kuna m\u00f5\u00f5tmisandmeid saab kiiresti \u00fcksteise j\u00e4rel koguda<br \/>\n<b>\u00d5huniiskus<\/b><b> :<br \/>\n<\/b>\u00a0\u00a0\u00a0\u00a0\u00a0\u00a0\u00a0\u00a0\u00a0\u00a0\u00a0\u00a0\u00a0\u00a0\u00a0\u00a0\u00a0\u00a0\u00a0\u00a0\u00a0\u00a0\u00a0\u00a0\u00a0\u00a0\u00a0\u00a0\u00a0 vahel\u00a0\u00a0\u00a0\u00a0\u00a0 0 ja 100 % r.F.<br \/>\nt\u00e4psust \u00b11.8 (vahel 10 ja 90 % r.F.)<\/p>\n<p><b>Temperatuur<\/b><b> :<br \/>\n<\/b>\u00a0 \u00a0 \u00a0 \u00a0\u00a0\u00a0\u00a0\u00a0 \u00a0 \u00a0 \u00a0 \u00a0 \u00a0 \u00a0 \u00a0 \u00a0\u00a0 vahel\u00a0\u00a0\u00a0 -20 ja 80 \u00b0C<br \/>\nt\u00e4psust\u00a0 \u00b10.2 (vahel 10 ja 60 \u00b0C)<\/p>\n<p>Kompaktne niiskusandur mitmek\u00fclgseks kasutamiseks<br \/>\n\u00d5huke metallkorpus (l\u00e4bim\u00f5\u00f5t 6,5 mm), seega on vaja vaid v\u00e4ikese l\u00e4bim\u00f5\u00f5duga puurauku<br \/>\nMetallist v\u00f5rkfiltriga kaitseks j\u00e4meda tolmu eest<br \/>\nSobib \u00f5huvoolude m\u00f5\u00f5tmiseks (kliimaseadme tehnoloogia)<\/p>\n<p><strong>Lingid:\u00a0CH 17,\u00a0BL TF 3,\u00a0BL UNI 11<\/strong><\/p>","protected":false},"excerpt":{"rendered":"<p>TF-Stick 16 K-25 M kasutatakse \u00f5huniiskuse ja \u00f5hutemperatuuri m\u00f5\u00f5tmiseks.<\/p>","protected":false},"featured_media":693,"comment_status":"open","ping_status":"closed","template":"","meta":[],"product_brand":[],"product_cat":[19],"product_tag":[],"class_list":{"0":"post-692","1":"product","2":"type-product","3":"status-publish","4":"has-post-thumbnail","6":"product_cat-ehitus-ja-puu-lisaseadmed","8":"first","9":"instock","10":"taxable","11":"shipping-taxable","12":"purchasable","13":"product-type-simple"},"jetpack-related-posts":[],"jetpack_sharing_enabled":true,"_links":{"self":[{"href":"https:\/\/www.atsotamm.com\/fi\/wp-json\/wp\/v2\/product\/692","targetHints":{"allow":["GET"]}}],"collection":[{"href":"https:\/\/www.atsotamm.com\/fi\/wp-json\/wp\/v2\/product"}],"about":[{"href":"https:\/\/www.atsotamm.com\/fi\/wp-json\/wp\/v2\/types\/product"}],"replies":[{"embeddable":true,"href":"https:\/\/www.atsotamm.com\/fi\/wp-json\/wp\/v2\/comments?post=692"}],"version-history":[{"count":3,"href":"https:\/\/www.atsotamm.com\/fi\/wp-json\/wp\/v2\/product\/692\/revisions"}],"predecessor-version":[{"id":1579,"href":"https:\/\/www.atsotamm.com\/fi\/wp-json\/wp\/v2\/product\/692\/revisions\/1579"}],"wp:featuredmedia":[{"embeddable":true,"href":"https:\/\/www.atsotamm.com\/fi\/wp-json\/wp\/v2\/media\/693"}],"wp:attachment":[{"href":"https:\/\/www.atsotamm.com\/fi\/wp-json\/wp\/v2\/media?parent=692"}],"wp:term":[{"taxonomy":"product_brand","embeddable":true,"href":"https:\/\/www.atsotamm.com\/fi\/wp-json\/wp\/v2\/product_brand?post=692"},{"taxonomy":"product_cat","embeddable":true,"href":"https:\/\/www.atsotamm.com\/fi\/wp-json\/wp\/v2\/product_cat?post=692"},{"taxonomy":"product_tag","embeddable":true,"href":"https:\/\/www.atsotamm.com\/fi\/wp-json\/wp\/v2\/product_tag?post=692"}],"curies":[{"name":"wp","href":"https:\/\/api.w.org\/{rel}","templated":true}]}}