{"id":732,"date":"2023-08-18T17:10:38","date_gmt":"2023-08-18T17:10:38","guid":{"rendered":"https:\/\/atsotamm.com\/?post_type=product&#038;p=732"},"modified":"2025-03-05T11:39:34","modified_gmt":"2025-03-05T11:39:34","slug":"gann-et-10-bl","status":"publish","type":"product","link":"https:\/\/www.atsotamm.com\/en\/product\/gann-et-10-bl\/","title":{"rendered":"GANN ET 10 BL"},"content":{"rendered":"<p class=\"translation-block\">ET 10 BL is a strong penetration probe for measuring the temperature of solids, bulk materials and liquids.<br>\nTechnical specifications<br>\nPt100 sensor with 4-wire technology<br>\nSensor tube: 100 mm (length), 3 mm (\u00d8)<\/p>","protected":false},"excerpt":{"rendered":"<p>ET 10 BL on tugev l\u00e4bitungimissond tahkete ainete, puistematerjalide ja vedelike temperatuuri m\u00f5\u00f5tmiseks.\u00a0<strong>Links\u00a0<a href=\"https:\/\/www.atsotamm.ee\/ee\/ws\/5\/88\/puu+ja+energia+niiskusm%C3%B5%C3%B5turid+niiskus+ja+temperatuur\/gann+ch+17+m%C3%B5%C3%B5tmise+terminal.html\">CH 17,<\/a>\u00a0<a href=\"https:\/\/www.atsotamm.ee\/ee\/ws\/5\/8\/puu+ja+energia+niiskusm%C3%B5%C3%B5turid+niiskus+ja+temperatuur\/gann+bl+ht+70+niiskusm%C3%B5%C3%B5tja.html\">HT 70<\/a>,\u00a0<a href=\"https:\/\/www.atsotamm.ee\/ee\/ws\/1\/126\/ehitus+niiskusm%C3%B5%C3%B5turid+niiskus+ja+temperatuur\/gann+uni+11.html\">BL UNI 11<\/a>,\u00a0<a href=\"https:\/\/www.atsotamm.ee\/ee\/ws\/1\/4\/ehitus+niiskusm%C3%B5%C3%B5turid+niiskus+ja+temperatuur\/gann+bl+e+niiskusm%C3%B5%C3%B5tja.html\">BL E<\/a><\/strong><\/p>","protected":false},"featured_media":733,"comment_status":"open","ping_status":"closed","template":"","meta":[],"product_brand":[],"product_cat":[19],"product_tag":[],"class_list":{"0":"post-732","1":"product","2":"type-product","3":"status-publish","4":"has-post-thumbnail","6":"product_cat-ehitus-ja-puu-lisaseadmed","8":"first","9":"instock","10":"taxable","11":"shipping-taxable","12":"purchasable","13":"product-type-simple"},"jetpack-related-posts":[],"jetpack_sharing_enabled":true,"_links":{"self":[{"href":"https:\/\/www.atsotamm.com\/en\/wp-json\/wp\/v2\/product\/732","targetHints":{"allow":["GET"]}}],"collection":[{"href":"https:\/\/www.atsotamm.com\/en\/wp-json\/wp\/v2\/product"}],"about":[{"href":"https:\/\/www.atsotamm.com\/en\/wp-json\/wp\/v2\/types\/product"}],"replies":[{"embeddable":true,"href":"https:\/\/www.atsotamm.com\/en\/wp-json\/wp\/v2\/comments?post=732"}],"version-history":[{"count":1,"href":"https:\/\/www.atsotamm.com\/en\/wp-json\/wp\/v2\/product\/732\/revisions"}],"predecessor-version":[{"id":1562,"href":"https:\/\/www.atsotamm.com\/en\/wp-json\/wp\/v2\/product\/732\/revisions\/1562"}],"wp:featuredmedia":[{"embeddable":true,"href":"https:\/\/www.atsotamm.com\/en\/wp-json\/wp\/v2\/media\/733"}],"wp:attachment":[{"href":"https:\/\/www.atsotamm.com\/en\/wp-json\/wp\/v2\/media?parent=732"}],"wp:term":[{"taxonomy":"product_brand","embeddable":true,"href":"https:\/\/www.atsotamm.com\/en\/wp-json\/wp\/v2\/product_brand?post=732"},{"taxonomy":"product_cat","embeddable":true,"href":"https:\/\/www.atsotamm.com\/en\/wp-json\/wp\/v2\/product_cat?post=732"},{"taxonomy":"product_tag","embeddable":true,"href":"https:\/\/www.atsotamm.com\/en\/wp-json\/wp\/v2\/product_tag?post=732"}],"curies":[{"name":"wp","href":"https:\/\/api.w.org\/{rel}","templated":true}]}}