{"id":687,"date":"2023-08-18T16:36:30","date_gmt":"2023-08-18T16:36:30","guid":{"rendered":"https:\/\/atsotamm.com\/?post_type=product&#038;p=687"},"modified":"2025-03-05T12:52:19","modified_gmt":"2025-03-05T12:52:19","slug":"gann-rh-t-37-bl-160-jaik-l-160","status":"publish","type":"product","link":"https:\/\/www.atsotamm.com\/en\/product\/gann-rh-t-37-bl-160-jaik-l-160\/","title":{"rendered":"GANN RH-T 37 BL 160 J\u00c4IK L = 160"},"content":{"rendered":"<p><img fetchpriority=\"high\" decoding=\"async\" class=\"size-medium wp-image-688 alignleft\" src=\"https:\/\/atsotamm.com\/wp-content\/uploads\/2023\/08\/RHT_37_BL_L_160_y-272x300.jpg\" alt=\"\" width=\"272\" height=\"300\" srcset=\"https:\/\/atsotamm.com\/wp-content\/uploads\/2023\/08\/RHT_37_BL_L_160_y-272x300.jpg 272w, https:\/\/atsotamm.com\/wp-content\/uploads\/2023\/08\/RHT_37_BL_L_160_y.jpg 350w\" sizes=\"(max-width: 272px) 100vw, 272px\" \/>RH-T 37 BL 160 on elektrood \u00f5huniiskuse ja \u00f5hutemperatuuri m\u00f5\u00f5tmiseks \u2013 sobib eriti h\u00e4sti puiste- ja tahkete materjalide jaoks (nt m\u00fc\u00fcritis v\u00f5i tasanduskiht).<br \/>\nNende kasutusaladeks on niiskusanal\u00fc\u00fcs, kahjustuste hindamine, hoone kuivamise j\u00e4lgimine ning p\u00f5randa- ja seinakatete ladumise valmiduse kontrollimine.<\/p>\n<p>Anduri toru l\u00e4bim\u00f5\u00f5t on 5,5 mm, mis t\u00e4hendab, et m\u00f5\u00f5tmised vuukide kohta on v\u00f5imalikud ilma, et peaks leppima seina- v\u00f5i p\u00f5randaplaatide kahjustustega.<\/p>\n<p>Koost\u00f6\u00f6s Hydromettega saab m\u00f5\u00f5ta puurkaevu niiskust ja m\u00e4\u00e4rata sorptsiooniisotermide abil katmisvalmidust v\u00f5i teatud kindlate ehitusmaterjalide niiskusesisaldust.<\/p>\n<p>Eriti t\u00e4psete m\u00f5\u00f5tmiste jaoks tuleb seadet 10\u201315 minutiks m\u00f5\u00f5detava \u00fcmbritseva kliima k\u00e4tte j\u00e4tta, et oleks v\u00f5imalik kompenseerida v\u00f5imalikke temperatuuride erinevusi elektroodi ja \u00fcmbritseva kliima vahel.<br \/>\nTeiset niiskuse ja temperatuuri andurid: RH-T 37 BL L = 160, RH-T 37 BL L = 320,\u00a0RH-T 37 BL paindlik L = 250,<br \/>\nRH-T 37 BL paindlik L = 350 \u00f5huniiskuse ja \u00f5hutemperatuuri m\u00f5\u00f5tmiseks<\/p>\n<p><strong>Lingid:\u00a0CH 17\u00a0ja\u00a0BL UNI 11<\/strong><\/p>","protected":false},"excerpt":{"rendered":"<p>Niiskuse ja temperatuuri andur: RH-T 37 BL L = 160, \u00f5huniiskuse ja \u00f5hutemperatuuri m\u00f5\u00f5tmiseks.<\/p>\n<p><strong>Lingid:\u00a0CH 17\u00a0ja\u00a0BL UNI 11\u00a0<\/strong><\/p>","protected":false},"featured_media":689,"comment_status":"open","ping_status":"closed","template":"","meta":[],"product_brand":[],"product_cat":[19],"product_tag":[],"class_list":{"0":"post-687","1":"product","2":"type-product","3":"status-publish","4":"has-post-thumbnail","6":"product_cat-ehitus-ja-puu-lisaseadmed","8":"first","9":"instock","10":"taxable","11":"shipping-taxable","12":"purchasable","13":"product-type-simple"},"jetpack-related-posts":[],"jetpack_sharing_enabled":true,"_links":{"self":[{"href":"https:\/\/www.atsotamm.com\/en\/wp-json\/wp\/v2\/product\/687","targetHints":{"allow":["GET"]}}],"collection":[{"href":"https:\/\/www.atsotamm.com\/en\/wp-json\/wp\/v2\/product"}],"about":[{"href":"https:\/\/www.atsotamm.com\/en\/wp-json\/wp\/v2\/types\/product"}],"replies":[{"embeddable":true,"href":"https:\/\/www.atsotamm.com\/en\/wp-json\/wp\/v2\/comments?post=687"}],"version-history":[{"count":1,"href":"https:\/\/www.atsotamm.com\/en\/wp-json\/wp\/v2\/product\/687\/revisions"}],"predecessor-version":[{"id":1581,"href":"https:\/\/www.atsotamm.com\/en\/wp-json\/wp\/v2\/product\/687\/revisions\/1581"}],"wp:featuredmedia":[{"embeddable":true,"href":"https:\/\/www.atsotamm.com\/en\/wp-json\/wp\/v2\/media\/689"}],"wp:attachment":[{"href":"https:\/\/www.atsotamm.com\/en\/wp-json\/wp\/v2\/media?parent=687"}],"wp:term":[{"taxonomy":"product_brand","embeddable":true,"href":"https:\/\/www.atsotamm.com\/en\/wp-json\/wp\/v2\/product_brand?post=687"},{"taxonomy":"product_cat","embeddable":true,"href":"https:\/\/www.atsotamm.com\/en\/wp-json\/wp\/v2\/product_cat?post=687"},{"taxonomy":"product_tag","embeddable":true,"href":"https:\/\/www.atsotamm.com\/en\/wp-json\/wp\/v2\/product_tag?post=687"}],"curies":[{"name":"wp","href":"https:\/\/api.w.org\/{rel}","templated":true}]}}